{"id":219,"date":"2020-11-06T12:37:30","date_gmt":"2020-11-06T11:37:30","guid":{"rendered":"http:\/\/reflexologiemarina.fr\/?page_id=219"},"modified":"2024-07-24T10:04:09","modified_gmt":"2024-07-24T08:04:09","slug":"accueil","status":"publish","type":"page","link":"https:\/\/reflexologiemarina.fr\/","title":{"rendered":"Accueil"},"content":{"rendered":"\n<div class=\"wp-block-cover aligncenter is-light wp-duotone-unset-1\"><span aria-hidden=\"true\" class=\"wp-block-cover__background has-background-dim\" style=\"background-color:#aeaca4\"><\/span><img loading=\"lazy\" decoding=\"async\" width=\"2560\" height=\"1441\" class=\"wp-block-cover__image-background wp-image-507\" alt=\"\" src=\"https:\/\/reflexologiemarina.fr\/wp-content\/uploads\/2024\/07\/20240724_093225-scaled.jpg\" data-object-fit=\"cover\" srcset=\"https:\/\/reflexologiemarina.fr\/wp-content\/uploads\/2024\/07\/20240724_093225-scaled.jpg 2560w, https:\/\/reflexologiemarina.fr\/wp-content\/uploads\/2024\/07\/20240724_093225-300x169.jpg 300w, https:\/\/reflexologiemarina.fr\/wp-content\/uploads\/2024\/07\/20240724_093225-1024x577.jpg 1024w, https:\/\/reflexologiemarina.fr\/wp-content\/uploads\/2024\/07\/20240724_093225-768x432.jpg 768w, https:\/\/reflexologiemarina.fr\/wp-content\/uploads\/2024\/07\/20240724_093225-1536x865.jpg 1536w, https:\/\/reflexologiemarina.fr\/wp-content\/uploads\/2024\/07\/20240724_093225-2048x1153.jpg 2048w\" sizes=\"(max-width: 2560px) 100vw, 2560px\" \/><div class=\"wp-block-cover__inner-container is-layout-flow wp-block-cover-is-layout-flow\">\n<p class=\"has-text-align-center has-large-font-size\">Bienvenue !<\/p>\n<\/div><\/div>\n\n\n<div class=\"wp-block-image is-resized is-style-rounded\">\n<figure class=\"alignleft size-full\"><img loading=\"lazy\" decoding=\"async\" width=\"2560\" height=\"1181\" src=\"https:\/\/reflexologiemarina.fr\/wp-content\/uploads\/2024\/07\/20240724_093527-scaled.jpg\" alt=\"\" class=\"wp-image-509\" style=\"aspect-ratio:4\/3;object-fit:cover;width:232px;height:auto\" srcset=\"https:\/\/reflexologiemarina.fr\/wp-content\/uploads\/2024\/07\/20240724_093527-scaled.jpg 2560w, https:\/\/reflexologiemarina.fr\/wp-content\/uploads\/2024\/07\/20240724_093527-300x138.jpg 300w, https:\/\/reflexologiemarina.fr\/wp-content\/uploads\/2024\/07\/20240724_093527-1024x473.jpg 1024w, https:\/\/reflexologiemarina.fr\/wp-content\/uploads\/2024\/07\/20240724_093527-768x354.jpg 768w, https:\/\/reflexologiemarina.fr\/wp-content\/uploads\/2024\/07\/20240724_093527-1536x709.jpg 1536w, https:\/\/reflexologiemarina.fr\/wp-content\/uploads\/2024\/07\/20240724_093527-2048x945.jpg 2048w\" sizes=\"(max-width: 2560px) 100vw, 2560px\" \/><\/figure><\/div>\n\n\n<h2 class=\"wp-block-heading\"><\/h2>\n\n\n\n<div class=\"wp-block-group\"><div class=\"wp-block-group__inner-container is-layout-flow wp-block-group-is-layout-flow\">\n<p class=\"has-text-align-center\">Je suis ravie de vous accueillir sur mon site et de vous faire partager mon m\u00e9tier, ma passion: la r\u00e9flexologie, l&rsquo;accompagnement vers le bien \u00eatre.<\/p>\n\n\n\n<p>  .<\/p>\n\n\n\n<p class=\"has-text-align-center\">J\u2019ai obtenu le titre RNCP niveau II de R\u00e9flexologue au centre de formation Nadine Jedrey et Sergio Mesa \u00e0 Annecy en 2020 et depuis je continue de me former pour vous accompagner au mieux. <\/p>\n\n\n\n<p>  .<\/p>\n\n\n\n<p class=\"has-text-align-center\">En effet, je continue \u00e0 me former sur diff\u00e9rentes probl\u00e9matiques comme les jambes lourdes avec le drainage lymphatique (m\u00e9thode Renata), la r\u00e9flexologie b\u00e9b\u00e9 affective pour accueillir vos petits chou et les accompagner dans leur d\u00e9veloppement ou encore la r\u00e9flexologie musculo-articulaire pour soulager vos douleurs.<\/p>\n<\/div><\/div>\n\n\n\n<p>  .<\/p>\n\n\n\n<p class=\"has-text-align-center\">Je vous accueille aujourd&rsquo;hui dans mon cabinet \u00e0 Rivesaltes.<\/p>\n\n\n\n<p>  .<\/p>\n\n\n\n<p class=\"has-text-align-center\">Venez d\u00e9couvrir ou red\u00e9couvrir la r\u00e9flexologie et ces bienfaits sur votre sant\u00e9 et votre bien \u00eatre.<\/p>\n\n\n\n<p>  <\/p>\n\n\n\n<p><\/p>\n\n\n\n<hr class=\"wp-block-separator has-css-opacity is-style-default\"\/>\n\n\n\n<div class=\"wp-block-buttons is-layout-flex wp-block-buttons-is-layout-flex\">\n<div class=\"wp-block-button is-style-outline aligncenter\"><a class=\"wp-block-button__link wp-element-button\">Prenez rendez-vous au 06 35 29 27 64 <\/a><\/div>\n<\/div>\n\n\n\n<p>.<\/p>\n\n\n\n<div class=\"wp-block-buttons is-layout-flex wp-block-buttons-is-layout-flex\">\n<div class=\"wp-block-button aligncenter\"><a class=\"wp-block-button__link wp-element-button\" href=\"https:\/\/www.planity.com\/occitannie-massage-marina-monediere-reflexologue-66600-rivesaltes\" target=\"_blank\" rel=\"noreferrer noopener\">Ou sur planity<\/a><\/div>\n<\/div>\n","protected":false},"excerpt":{"rendered":"<p>Je suis ravie de vous accueillir sur mon site et de vous faire partager mon m\u00e9tier, ma passion: la r\u00e9flexologie, l&rsquo;accompagnement vers le bien \u00eatre. . J\u2019ai obtenu le titre RNCP niveau II de R\u00e9flexologue au centre de formation Nadine Jedrey et Sergio Mesa \u00e0 Annecy en 2020 et depuis je continue de me former [&hellip;]<\/p>\n","protected":false},"author":1,"featured_media":0,"parent":0,"menu_order":0,"comment_status":"closed","ping_status":"closed","template":"","meta":{"footnotes":""},"jetpack_sharing_enabled":true,"_links":{"self":[{"href":"https:\/\/reflexologiemarina.fr\/index.php\/wp-json\/wp\/v2\/pages\/219"}],"collection":[{"href":"https:\/\/reflexologiemarina.fr\/index.php\/wp-json\/wp\/v2\/pages"}],"about":[{"href":"https:\/\/reflexologiemarina.fr\/index.php\/wp-json\/wp\/v2\/types\/page"}],"author":[{"embeddable":true,"href":"https:\/\/reflexologiemarina.fr\/index.php\/wp-json\/wp\/v2\/users\/1"}],"replies":[{"embeddable":true,"href":"https:\/\/reflexologiemarina.fr\/index.php\/wp-json\/wp\/v2\/comments?post=219"}],"version-history":[{"count":48,"href":"https:\/\/reflexologiemarina.fr\/index.php\/wp-json\/wp\/v2\/pages\/219\/revisions"}],"predecessor-version":[{"id":515,"href":"https:\/\/reflexologiemarina.fr\/index.php\/wp-json\/wp\/v2\/pages\/219\/revisions\/515"}],"wp:attachment":[{"href":"https:\/\/reflexologiemarina.fr\/index.php\/wp-json\/wp\/v2\/media?parent=219"}],"curies":[{"name":"wp","href":"https:\/\/api.w.org\/{rel}","templated":true}]}}