{"id":220,"date":"2020-11-03T16:17:03","date_gmt":"2020-11-03T15:17:03","guid":{"rendered":"http:\/\/reflexologiemarina.fr\/?page_id=220"},"modified":"2020-11-06T12:24:50","modified_gmt":"2020-11-06T11:24:50","slug":"quest-ce-que-la-reflexologie","status":"publish","type":"page","link":"https:\/\/reflexologiemarina.fr\/index.php\/quest-ce-que-la-reflexologie\/","title":{"rendered":"La r\u00e9flexologie"},"content":{"rendered":"\n<h3 class=\"wp-block-heading\">Qu&rsquo;est ce que c&rsquo;est ?<\/h3>\n\n\n\n<div class=\"wp-block-image\"><figure class=\"alignleft size-large is-resized\"><img loading=\"lazy\" decoding=\"async\" src=\"http:\/\/reflexologiemarina.fr\/wp-content\/uploads\/2020\/11\/pieds-dessus-dessous-1-page-001-1024x768.jpg\" alt=\"\" class=\"wp-image-275\" width=\"299\" height=\"225\" srcset=\"https:\/\/reflexologiemarina.fr\/wp-content\/uploads\/2020\/11\/pieds-dessus-dessous-1-page-001-1024x768.jpg 1024w, https:\/\/reflexologiemarina.fr\/wp-content\/uploads\/2020\/11\/pieds-dessus-dessous-1-page-001-300x225.jpg 300w, https:\/\/reflexologiemarina.fr\/wp-content\/uploads\/2020\/11\/pieds-dessus-dessous-1-page-001-768x576.jpg 768w, https:\/\/reflexologiemarina.fr\/wp-content\/uploads\/2020\/11\/pieds-dessus-dessous-1-page-001-1536x1152.jpg 1536w, https:\/\/reflexologiemarina.fr\/wp-content\/uploads\/2020\/11\/pieds-dessus-dessous-1-page-001-2048x1536.jpg 2048w, https:\/\/reflexologiemarina.fr\/wp-content\/uploads\/2020\/11\/pieds-dessus-dessous-1-page-001-80x60.jpg 80w\" sizes=\"(max-width: 299px) 100vw, 299px\" \/><figcaption>Centre de formation Nadine Jedrey \/ Sergio Mesa<\/figcaption><\/figure><\/div>\n\n\n\n<p>La r\u00e9flexologie\u00a0se fonde sur la th\u00e9orie qu\u2019il existe sur les pieds et les mains, des zones r\u00e9flexes qui correspondent \u00e0 toutes les glandes, tous les organes et toutes les parties du corps.<\/p>\n\n\n\n<p>C\u2019est une technique manuelle sp\u00e9cifique qui utilise la capacit\u00e9 d\u2019auto r\u00e9gulation du corps afin de r\u00e9tablir l\u2019hom\u00e9ostasie (l&rsquo;\u00e9quilibre du corps)\u00a0; soit par l\u2019activation directe du syst\u00e8me nerveux autonome, soit par la stimulation de zones reflexes sur les pieds et les mains.<\/p>\n\n\n\n<p>Elle permet ainsi de g\u00e9rer les principaux troubles fonctionnels et\/ou \u00e9motionnels.<\/p>\n\n\n\n<h3 class=\"wp-block-heading\">Les bienfaits<\/h3>\n\n\n\n<p>Elle permet gr\u00e2ce \u00e0 des appuis sp\u00e9cifiques de:<\/p>\n\n\n\n<ul><li>Rel\u00e2cher les tensions et am\u00e9liorer la gestion du stress\u00a0<\/li><li>Favoriser la circulation sanguine et lymphatique\u00a0<\/li><li>Aider le syst\u00e8me nerveux autonome \u00e0 r\u00e9tablir l\u2019hom\u00e9ostasie\u00a0<\/li><li>Participer \u00e0 la gestion de la douleur et du stress.<\/li><li>Favoriser l\u2019am\u00e9lioration des troubles fonctionnels\u00a0: hormonaux, nerveux, circulatoires, digestifs, urinaires.<\/li><\/ul>\n","protected":false},"excerpt":{"rendered":"<p>Qu&rsquo;est ce que c&rsquo;est ? La r\u00e9flexologie\u00a0se fonde sur la th\u00e9orie qu\u2019il existe sur les pieds et les mains, des zones r\u00e9flexes qui correspondent \u00e0 toutes les glandes, tous les organes et toutes les parties du corps. C\u2019est une technique manuelle sp\u00e9cifique qui utilise la capacit\u00e9 d\u2019auto r\u00e9gulation du corps afin de r\u00e9tablir l\u2019hom\u00e9ostasie (l&rsquo;\u00e9quilibre [&hellip;]<\/p>\n","protected":false},"author":1,"featured_media":0,"parent":0,"menu_order":0,"comment_status":"closed","ping_status":"closed","template":"","meta":{"footnotes":""},"jetpack_sharing_enabled":true,"_links":{"self":[{"href":"https:\/\/reflexologiemarina.fr\/index.php\/wp-json\/wp\/v2\/pages\/220"}],"collection":[{"href":"https:\/\/reflexologiemarina.fr\/index.php\/wp-json\/wp\/v2\/pages"}],"about":[{"href":"https:\/\/reflexologiemarina.fr\/index.php\/wp-json\/wp\/v2\/types\/page"}],"author":[{"embeddable":true,"href":"https:\/\/reflexologiemarina.fr\/index.php\/wp-json\/wp\/v2\/users\/1"}],"replies":[{"embeddable":true,"href":"https:\/\/reflexologiemarina.fr\/index.php\/wp-json\/wp\/v2\/comments?post=220"}],"version-history":[{"count":4,"href":"https:\/\/reflexologiemarina.fr\/index.php\/wp-json\/wp\/v2\/pages\/220\/revisions"}],"predecessor-version":[{"id":290,"href":"https:\/\/reflexologiemarina.fr\/index.php\/wp-json\/wp\/v2\/pages\/220\/revisions\/290"}],"wp:attachment":[{"href":"https:\/\/reflexologiemarina.fr\/index.php\/wp-json\/wp\/v2\/media?parent=220"}],"curies":[{"name":"wp","href":"https:\/\/api.w.org\/{rel}","templated":true}]}}