{"id":260,"date":"2020-11-06T10:35:32","date_gmt":"2020-11-06T09:35:32","guid":{"rendered":"http:\/\/reflexologiemarina.fr\/?page_id=260"},"modified":"2024-10-28T11:03:14","modified_gmt":"2024-10-28T10:03:14","slug":"tarifs","status":"publish","type":"page","link":"https:\/\/reflexologiemarina.fr\/index.php\/tarifs\/","title":{"rendered":"S\u00e9ances \/ Tarifs"},"content":{"rendered":"\n<h2 class=\"wp-block-heading\">D\u00e9roulement d&rsquo;une s\u00e9ance<\/h2>\n\n\n\n<h4 class=\"wp-block-heading\" id=\"block-57758db8-5f78-46bc-81d3-ccc4fce297a7\"><strong><br>Pour la r\u00e9flexologie<\/strong><\/h4>\n\n\n\n<p id=\"block-32ca3ec3-bbb4-4ae4-b48d-fb65c446a32f\">La premi\u00e8re s\u00e9ance est une prise de contact importante qui nous permettra de faire un point sur vos attentes, vos besoins et, de vous expliquer comment je peux vous accompagner au mieux.<\/p>\n\n\n\n<p id=\"block-8b44c715-af22-4e6f-91d4-dfa442074a6d\">      Pour une s\u00e9ance de r\u00e9flexologie plantaire, le premier rendez-vous durera environ 1h30, les suivants 1h.<\/p>\n\n\n\n<p id=\"block-329c3c07-74f9-45ae-9687-7cc8dc0101b5\">       Pour une s\u00e9ance de r\u00e9flexologie palmaire, le premier rendez-vous durera 1h, les suivants 45min.<\/p>\n\n\n\n<p>R\u00e9flexologie b\u00e9b\u00e9 1h.<\/p>\n\n\n\n<h4 class=\"wp-block-heading\" id=\"block-6e799f06-926d-4069-9fe2-31f1a6f599b2\"><strong>Pour les massages<\/strong><\/h4>\n\n\n\n<p>        Massage b\u00e9b\u00e9 Shantala: forfait de 4 s\u00e9ances d&rsquo;1h avec remise de support pour avoir le protocole toujours avec soi.<\/p>\n\n\n\n<p>Le massage shantala est un v\u00e9ritable moment de partage avec son b\u00e9b\u00e9, il est pratiqu\u00e9 au sol sur un matelas, b\u00e9b\u00e9 est nu dans une serviette au chaud. La pi\u00e8ce est chauff\u00e9e et l&rsquo;huile de massage aussi. <\/p>\n\n\n\n<p><\/p>\n\n\n\n<h2 class=\"wp-block-heading\" id=\"block-6be15533-7eaf-4e32-acc9-d73433a93ee8\">Contre-indications et pr\u00e9cautions pour la r\u00e9flexologie<\/h2>\n\n\n\n<p id=\"block-e5e14981-97fb-4da6-b128-d15029a86046\">Il existe quelques <strong>contre-indications<\/strong> \u00e0 connaitre avant de recevoir une s\u00e9ance de r\u00e9flexologie:<\/p>\n\n\n\n<ul id=\"block-721442c0-8fe0-4cfc-a54c-bffa18cbf0c3\">\n<li>la fi\u00e8vre et les maladies infectieuses<\/li>\n\n\n\n<li>toute blessure au pied (pour la r\u00e9flexologie plantaire) ou \u00e0 la main (pour la r\u00e9flexologie palmaire), type entorse. <\/li>\n\n\n\n<li>toutes douleurs non identifi\u00e9es par un m\u00e9decin<\/li>\n\n\n\n<li>phl\u00e9bite, thrombose<\/li>\n\n\n\n<li>femmes enceintes de moins de 3 mois<\/li>\n<\/ul>\n\n\n\n<p id=\"block-b6f9e1a7-11d1-43eb-bf73-29b32af0efac\">Il existe \u00e9galement des <strong>pr\u00e9cautions<\/strong> \u00e0 prendre :<\/p>\n\n\n\n<ul id=\"block-7db5955e-279e-4823-8fc8-cb1eafcb3c4e\">\n<li>femmes enceintes<\/li>\n\n\n\n<li>troubles cardiaques importants (pacemaker, op\u00e9ration r\u00e9cente)<\/li>\n\n\n\n<li>maladies d\u00e9g\u00e9n\u00e9ratives : cancer (avis du m\u00e9decin)<\/li>\n\n\n\n<li>personnes souffrant de d\u00e9pression grave (avis du m\u00e9decin)<\/li>\n\n\n\n<li>St\u00e9rilet<\/li>\n<\/ul>\n\n\n\n<p><\/p>\n","protected":false},"excerpt":{"rendered":"<p>D\u00e9roulement d&rsquo;une s\u00e9ance Pour la r\u00e9flexologie La premi\u00e8re s\u00e9ance est une prise de contact importante qui nous permettra de faire un point sur vos attentes, vos besoins et, de vous expliquer comment je peux vous accompagner au mieux. Pour une s\u00e9ance de r\u00e9flexologie plantaire, le premier rendez-vous durera environ 1h30, les suivants 1h. Pour une [&hellip;]<\/p>\n","protected":false},"author":1,"featured_media":0,"parent":0,"menu_order":0,"comment_status":"closed","ping_status":"closed","template":"","meta":{"footnotes":""},"jetpack_sharing_enabled":true,"_links":{"self":[{"href":"https:\/\/reflexologiemarina.fr\/index.php\/wp-json\/wp\/v2\/pages\/260"}],"collection":[{"href":"https:\/\/reflexologiemarina.fr\/index.php\/wp-json\/wp\/v2\/pages"}],"about":[{"href":"https:\/\/reflexologiemarina.fr\/index.php\/wp-json\/wp\/v2\/types\/page"}],"author":[{"embeddable":true,"href":"https:\/\/reflexologiemarina.fr\/index.php\/wp-json\/wp\/v2\/users\/1"}],"replies":[{"embeddable":true,"href":"https:\/\/reflexologiemarina.fr\/index.php\/wp-json\/wp\/v2\/comments?post=260"}],"version-history":[{"count":36,"href":"https:\/\/reflexologiemarina.fr\/index.php\/wp-json\/wp\/v2\/pages\/260\/revisions"}],"predecessor-version":[{"id":533,"href":"https:\/\/reflexologiemarina.fr\/index.php\/wp-json\/wp\/v2\/pages\/260\/revisions\/533"}],"wp:attachment":[{"href":"https:\/\/reflexologiemarina.fr\/index.php\/wp-json\/wp\/v2\/media?parent=260"}],"curies":[{"name":"wp","href":"https:\/\/api.w.org\/{rel}","templated":true}]}}